
	{"id":87497,"date":"2025-04-27T12:14:37","date_gmt":"2025-04-27T15:14:37","guid":{"rendered":"https:\/\/ecursos.showdepremiosbendicasa.com.br\/?product=curso-de-cosmetologia-cosmeticos-e-suas-aplicacoes"},"modified":"2025-04-27T12:14:37","modified_gmt":"2025-04-27T15:14:37","slug":"curso-de-cosmetologia-cosmeticos-e-suas-aplicacoes","status":"publish","type":"product","link":"https:\/\/ecursos.showdepremiosbendicasa.com.br\/?product=curso-de-cosmetologia-cosmeticos-e-suas-aplicacoes","title":{"rendered":"Curso de Cosmetologia &#8211; Cosm\u00e9ticos e Suas Aplica\u00e7\u00f5es"},"content":{"rendered":"<p>Voc\u00ea aprender\u00e1 sobre a anatomia e fisiologia da pele, os tipos de cosm\u00e9ticos para o corpo, rosto e cabelo, maquiagens, perfumes, ativos cosm\u00e9ticos, produtos hipoalerg\u00eanicos, cosm\u00e9ticos para gestantes e crian\u00e7as, legisla\u00e7\u00e3o cosm\u00e9tica, mercado de trabalho e muito mais. Aproveitamos para indicar tamb\u00e9m: Curso de Maquiagem Efeito 3D,, Introdu\u00e7\u00e3o \u00e0 Est\u00e9tica Corporal, e Barbeiro Profissional: Barbear passo a passo,.<\/p>\n<p>Sobre a carga hor\u00e1ria:<br \/>\nO curso possui 80 horas de carga hor\u00e1ria. Por\u00e9m, se for conclu\u00eddo antes de 5 dias, passa a ter 10 horas de carga hor\u00e1ria. Conforme nosso contrato e termos de uso.<\/p>\n","protected":false},"excerpt":{"rendered":"<p>Voc\u00ea aprender\u00e1 sobre a anatomia e fisiologia da pele, os tipos de cosm\u00e9ticos para o corpo, rosto e cabelo, maquiagens, perfumes, ativos cosm\u00e9ticos, produtos hipoalerg\u00eanicos, cosm\u00e9ticos para gestantes e crian\u00e7as, legisla\u00e7\u00e3o cosm\u00e9tica, mercado de trabalho e muito mais. Aproveitamos para indicar tamb\u00e9m: Curso de Maquiagem Efeito 3D,, Introdu\u00e7\u00e3o \u00e0 Est\u00e9tica Corporal, e Barbeiro Profissional: Barbear passo a passo,. Sobre a [&hellip;]<\/p>\n","protected":false},"featured_media":0,"comment_status":"open","ping_status":"closed","template":"","meta":[],"product_cat":[217],"product_tag":[],"class_list":{"0":"post-87497","1":"product","2":"type-product","3":"status-publish","5":"product_cat-estetica-e-beleza","6":"post","8":"first","9":"instock","10":"shipping-taxable","11":"product-type-simple"},"_links":{"self":[{"href":"https:\/\/ecursos.showdepremiosbendicasa.com.br\/index.php?rest_route=\/wp\/v2\/product\/87497"}],"collection":[{"href":"https:\/\/ecursos.showdepremiosbendicasa.com.br\/index.php?rest_route=\/wp\/v2\/product"}],"about":[{"href":"https:\/\/ecursos.showdepremiosbendicasa.com.br\/index.php?rest_route=\/wp\/v2\/types\/product"}],"replies":[{"embeddable":true,"href":"https:\/\/ecursos.showdepremiosbendicasa.com.br\/index.php?rest_route=%2Fwp%2Fv2%2Fcomments&post=87497"}],"version-history":[{"count":0,"href":"https:\/\/ecursos.showdepremiosbendicasa.com.br\/index.php?rest_route=\/wp\/v2\/product\/87497\/revisions"}],"wp:attachment":[{"href":"https:\/\/ecursos.showdepremiosbendicasa.com.br\/index.php?rest_route=%2Fwp%2Fv2%2Fmedia&parent=87497"}],"wp:term":[{"taxonomy":"product_cat","embeddable":true,"href":"https:\/\/ecursos.showdepremiosbendicasa.com.br\/index.php?rest_route=%2Fwp%2Fv2%2Fproduct_cat&post=87497"},{"taxonomy":"product_tag","embeddable":true,"href":"https:\/\/ecursos.showdepremiosbendicasa.com.br\/index.php?rest_route=%2Fwp%2Fv2%2Fproduct_tag&post=87497"}],"curies":[{"name":"wp","href":"https:\/\/api.w.org\/{rel}","templated":true}]}}