
	{"id":87498,"date":"2025-04-27T12:15:14","date_gmt":"2025-04-27T15:15:14","guid":{"rendered":"https:\/\/ecursos.showdepremiosbendicasa.com.br\/?product=curso-de-fitoterapia"},"modified":"2025-04-27T12:15:14","modified_gmt":"2025-04-27T15:15:14","slug":"curso-de-fitoterapia","status":"publish","type":"product","link":"https:\/\/ecursos.showdepremiosbendicasa.com.br\/?product=curso-de-fitoterapia","title":{"rendered":"Curso de Fitoterapia"},"content":{"rendered":"<p>Voc\u00ea aprender\u00e1 sobre a fisiologia das plantas medicinais, como se d\u00e1 o preparo e aplica\u00e7\u00e3o dos ch\u00e1s, tinturas fitoter\u00e1picas, \u00f3leos, c\u00e1psulas, cataplasmas, compressas, inala\u00e7\u00e3o e escalda-p\u00e9s. Tamb\u00e9m conhecer\u00e1 as principais plantas medicinais indicadas para problemas g\u00e1stricos, intestinais, de pele, para tratamento da dor, respira\u00e7\u00e3o, TPM, circula\u00e7\u00e3o sangu\u00ednea e muito mais. Aproveitamos para indicar tamb\u00e9m: Curso de Aromaterapia,.<\/p>\n<p>Sobre a carga hor\u00e1ria:<br \/>\nO curso possui 80 horas de carga hor\u00e1ria. Por\u00e9m, se for conclu\u00eddo antes de 5 dias, passa a ter 10 horas de carga hor\u00e1ria. Conforme nosso contrato e termos de uso.<\/p>\n","protected":false},"excerpt":{"rendered":"<p>Voc\u00ea aprender\u00e1 sobre a fisiologia das plantas medicinais, como se d\u00e1 o preparo e aplica\u00e7\u00e3o dos ch\u00e1s, tinturas fitoter\u00e1picas, \u00f3leos, c\u00e1psulas, cataplasmas, compressas, inala\u00e7\u00e3o e escalda-p\u00e9s. Tamb\u00e9m conhecer\u00e1 as principais plantas medicinais indicadas para problemas g\u00e1stricos, intestinais, de pele, para tratamento da dor, respira\u00e7\u00e3o, TPM, circula\u00e7\u00e3o sangu\u00ednea e muito mais. Aproveitamos para indicar tamb\u00e9m: Curso de Aromaterapia,. Sobre a carga [&hellip;]<\/p>\n","protected":false},"featured_media":0,"comment_status":"open","ping_status":"closed","template":"","meta":[],"product_cat":[229],"product_tag":[],"class_list":{"0":"post-87498","1":"product","2":"type-product","3":"status-publish","5":"product_cat-medicina-alternativa","6":"post","8":"first","9":"instock","10":"shipping-taxable","11":"product-type-simple"},"_links":{"self":[{"href":"https:\/\/ecursos.showdepremiosbendicasa.com.br\/index.php?rest_route=\/wp\/v2\/product\/87498"}],"collection":[{"href":"https:\/\/ecursos.showdepremiosbendicasa.com.br\/index.php?rest_route=\/wp\/v2\/product"}],"about":[{"href":"https:\/\/ecursos.showdepremiosbendicasa.com.br\/index.php?rest_route=\/wp\/v2\/types\/product"}],"replies":[{"embeddable":true,"href":"https:\/\/ecursos.showdepremiosbendicasa.com.br\/index.php?rest_route=%2Fwp%2Fv2%2Fcomments&post=87498"}],"version-history":[{"count":0,"href":"https:\/\/ecursos.showdepremiosbendicasa.com.br\/index.php?rest_route=\/wp\/v2\/product\/87498\/revisions"}],"wp:attachment":[{"href":"https:\/\/ecursos.showdepremiosbendicasa.com.br\/index.php?rest_route=%2Fwp%2Fv2%2Fmedia&parent=87498"}],"wp:term":[{"taxonomy":"product_cat","embeddable":true,"href":"https:\/\/ecursos.showdepremiosbendicasa.com.br\/index.php?rest_route=%2Fwp%2Fv2%2Fproduct_cat&post=87498"},{"taxonomy":"product_tag","embeddable":true,"href":"https:\/\/ecursos.showdepremiosbendicasa.com.br\/index.php?rest_route=%2Fwp%2Fv2%2Fproduct_tag&post=87498"}],"curies":[{"name":"wp","href":"https:\/\/api.w.org\/{rel}","templated":true}]}}